{"id":4983,"date":"2022-03-26T11:35:05","date_gmt":"2022-03-26T11:35:05","guid":{"rendered":"https:\/\/www.fantechnics.pl\/?post_type=product&#038;p=4983"},"modified":"2022-03-26T11:47:11","modified_gmt":"2022-03-26T11:47:11","slug":"instrukcja-pdf-koncowka-mocy","status":"publish","type":"product","link":"https:\/\/www.fantechnics.pl\/index.php\/produkt\/instrukcja-pdf-koncowka-mocy\/","title":{"rendered":"Ko\u0144c\u00f3wka mocy &#8211; Instrukcja PDF"},"content":{"rendered":"<p>Cena dotyczy dotyczy jednego produktu w formacie PODF wybranego z listy poni\u017cej.<\/p>\n<p>Instrukcja po zakupie zostanie wys\u0142ana na podany w zam\u00f3wieniu adres mailowy.<br \/>\nProsz\u0119 wybra\u0107 i napisa\u0107 w wiadomo\u015bci na ko\u0144cu zam\u00f3wienia symbol sprz\u0119tu z listy poni\u017cej.<\/p>\n<p>SE-A3MK2 Service<br \/>\nSE-A5 Operating<br \/>\nSE-A5 Service<br \/>\nSE-A5MK2 Service<br \/>\nSE-A7 Service<br \/>\nSE-A50 Operating<br \/>\nSE-A50 Service<br \/>\nSE-A70 Service<br \/>\nSE-A100 Service<br \/>\nSE-A800d_A900d Operating<br \/>\nSE-A800S Service<br \/>\nSE-A800SM2 Service<br \/>\nSE-A808 Operating<br \/>\nSE-A808 Service<br \/>\nSE-A900s Service<br \/>\nSE-A900SM2 Service<br \/>\nSE-A909 Operating<br \/>\nSE-A909S Service<br \/>\nSE-A1000 Operating<br \/>\nSE-A1000 Service<br \/>\nSE-A1000M2 Instrukcja PL<br \/>\nSE-A1000M2 Service<br \/>\nSE-A1010 Operating<br \/>\nSE-A1010 Service<br \/>\nSE-A2000 Operating<br \/>\nSE-A2000 Service<br \/>\nSE-A3000 Service<br \/>\nSE-A5000 Service<br \/>\nSE-A7000 Service (JP)<br \/>\nSE-C01 Operating<br \/>\nSE-C01_SH-C01 Service<br \/>\nSE-C01-SH-C01 Schematic<br \/>\nSE-CA01 Service<br \/>\nSE-CA10 Service<br \/>\nSE-CA1060 Service<br \/>\nSE-CA1080 Service<br \/>\nSE-CH404 Service<br \/>\nSE-CH505 Service<br \/>\nSE-CH510 Service<br \/>\nSE-CH515A Service<br \/>\nSE-CH530 Service<br \/>\nSE-CH540 Service<br \/>\nSE-CH555 Service<br \/>\nSE-CH570 Service<br \/>\nSE-CH730 Service<br \/>\nSE-CH730 Service<br \/>\nSE-CH770 Service<br \/>\nSE-HD50 Service<br \/>\nSE-HD51 Service<br \/>\nSE-HD55 Service<br \/>\nSE-HD60 Service<br \/>\nSE-HD70 Service<br \/>\nSE-HD81 Service<br \/>\nSE-HD301 Service<br \/>\nSE-HD310 Service<br \/>\nSE-HD501 Service<br \/>\nSE-HD501V Service<br \/>\nSE-HD505 Service<br \/>\nSE-HD510 Service<br \/>\nSE-HD550 Service<br \/>\nSE-HDA710 Service<br \/>\nSE-HDV600 Service<br \/>\nSE-M100 Service<br \/>\nSE-R1 Operating<br \/>\nSE-R1 Operating<br \/>\nSE-TX100_SX100_SH-TX100 Operating<br \/>\nSE-VC1180 Service<br \/>\n20A Service<br \/>\nSE-9021 Service<br \/>\nSE-9060 Operating<br \/>\nSE-9060 Service<br \/>\nSE-9200 Operating<br \/>\nSE-9200 Service<br \/>\nSE-9600 Service Supp<br \/>\nSE-9600 Service<br \/>\nSE-A3 Operating<br \/>\nSE-A3K Service<br \/>\nSE-A3MK2 Operating<\/p>\n","protected":false},"excerpt":{"rendered":"<p>Cena dotyczy dotyczy jednego produktu w formacie PODF wybranego z listy poni\u017cej. Instrukcja po zakupie zostanie wys\u0142ana na podany w zam\u00f3wieniu adres mailowy. Prosz\u0119 wybra\u0107 i napisa\u0107 w wiadomo\u015bci na ko\u0144cu zam\u00f3wienia<a class=\"moretag\" href=\"https:\/\/www.fantechnics.pl\/index.php\/produkt\/instrukcja-pdf-koncowka-mocy\/\">Read More&#8230;<\/a><\/p>\n","protected":false},"featured_media":4892,"template":"","meta":[],"product_brand":[],"product_cat":[64],"product_tag":[],"class_list":{"0":"post-4983","1":"product","2":"type-product","3":"status-publish","4":"has-post-thumbnail","6":"product_cat-pdf","8":"first","9":"instock","10":"virtual","11":"purchasable","12":"product-type-simple"},"_links":{"self":[{"href":"https:\/\/www.fantechnics.pl\/index.php\/wp-json\/wp\/v2\/product\/4983","targetHints":{"allow":["GET"]}}],"collection":[{"href":"https:\/\/www.fantechnics.pl\/index.php\/wp-json\/wp\/v2\/product"}],"about":[{"href":"https:\/\/www.fantechnics.pl\/index.php\/wp-json\/wp\/v2\/types\/product"}],"wp:featuredmedia":[{"embeddable":true,"href":"https:\/\/www.fantechnics.pl\/index.php\/wp-json\/wp\/v2\/media\/4892"}],"wp:attachment":[{"href":"https:\/\/www.fantechnics.pl\/index.php\/wp-json\/wp\/v2\/media?parent=4983"}],"wp:term":[{"taxonomy":"product_brand","embeddable":true,"href":"https:\/\/www.fantechnics.pl\/index.php\/wp-json\/wp\/v2\/product_brand?post=4983"},{"taxonomy":"product_cat","embeddable":true,"href":"https:\/\/www.fantechnics.pl\/index.php\/wp-json\/wp\/v2\/product_cat?post=4983"},{"taxonomy":"product_tag","embeddable":true,"href":"https:\/\/www.fantechnics.pl\/index.php\/wp-json\/wp\/v2\/product_tag?post=4983"}],"curies":[{"name":"wp","href":"https:\/\/api.w.org\/{rel}","templated":true}]}}