{"id":3759,"date":"2022-03-08T08:58:35","date_gmt":"2022-03-08T08:58:35","guid":{"rendered":"https:\/\/www.fantechnics.pl\/?post_type=product&#038;p=3759"},"modified":"2025-12-20T10:33:30","modified_gmt":"2025-12-20T10:33:30","slug":"kolumna-centralna-technics-sb-ca11","status":"publish","type":"product","link":"https:\/\/www.fantechnics.pl\/index.php\/produkt\/kolumna-centralna-technics-sb-ca11\/","title":{"rendered":"Kolumna centralna Technics SB-CA11"},"content":{"rendered":"<p>Kolumna centralna Technics SB-CA11<\/p>\n<p>szer. 45<\/p>\n<p>wys. 16,5 cm<\/p>\n<p>g\u0142\u0119boko\u015b\u0107 25,5 cm<\/p>\n<p>waga: 5 kg<\/p>\n<p>Uwagi:<\/p>\n<p>Ma\u0142e dziurki po stojaku\/wieszaku, do zaszpachlowania i nie b\u0119dzie \u015bladu!<\/p>\n<p>bez wp\u0142ywu na dzia\u0142anie kolumny.<\/p>\n","protected":false},"excerpt":{"rendered":"<p>Kolumna centralna Technics SB-CA11 szer. 45 wys. 16,5 cm g\u0142\u0119boko\u015b\u0107 25,5 cm waga: 5 kg Uwagi: Ma\u0142e dziurki po stojaku\/wieszaku, do zaszpachlowania i nie b\u0119dzie \u015bladu! bez wp\u0142ywu na dzia\u0142anie kolumny.<\/p>\n","protected":false},"featured_media":3762,"template":"","meta":[],"product_brand":[],"product_cat":[42],"product_tag":[],"class_list":{"0":"post-3759","1":"product","2":"type-product","3":"status-publish","4":"has-post-thumbnail","6":"product_cat-kolumny-glosniki","8":"first","9":"instock","10":"shipping-taxable","11":"purchasable","12":"product-type-simple"},"_links":{"self":[{"href":"https:\/\/www.fantechnics.pl\/index.php\/wp-json\/wp\/v2\/product\/3759","targetHints":{"allow":["GET"]}}],"collection":[{"href":"https:\/\/www.fantechnics.pl\/index.php\/wp-json\/wp\/v2\/product"}],"about":[{"href":"https:\/\/www.fantechnics.pl\/index.php\/wp-json\/wp\/v2\/types\/product"}],"wp:featuredmedia":[{"embeddable":true,"href":"https:\/\/www.fantechnics.pl\/index.php\/wp-json\/wp\/v2\/media\/3762"}],"wp:attachment":[{"href":"https:\/\/www.fantechnics.pl\/index.php\/wp-json\/wp\/v2\/media?parent=3759"}],"wp:term":[{"taxonomy":"product_brand","embeddable":true,"href":"https:\/\/www.fantechnics.pl\/index.php\/wp-json\/wp\/v2\/product_brand?post=3759"},{"taxonomy":"product_cat","embeddable":true,"href":"https:\/\/www.fantechnics.pl\/index.php\/wp-json\/wp\/v2\/product_cat?post=3759"},{"taxonomy":"product_tag","embeddable":true,"href":"https:\/\/www.fantechnics.pl\/index.php\/wp-json\/wp\/v2\/product_tag?post=3759"}],"curies":[{"name":"wp","href":"https:\/\/api.w.org\/{rel}","templated":true}]}}