{"id":3603,"date":"2022-03-05T10:37:15","date_gmt":"2022-03-05T10:37:15","guid":{"rendered":"https:\/\/www.fantechnics.pl\/?post_type=product&#038;p=3603"},"modified":"2026-02-10T12:18:41","modified_gmt":"2026-02-10T12:18:41","slug":"kolumny-technics-sb-cs95","status":"publish","type":"product","link":"https:\/\/www.fantechnics.pl\/index.php\/produkt\/kolumny-technics-sb-cs95\/","title":{"rendered":"Kolumny Technics SB-CS95"},"content":{"rendered":"<p>Kolumny Technics SB-CS95<\/p>\n<p>szer. 28,5 cm<\/p>\n<p>wys. 53 cm<\/p>\n<p>G\u0142\u0119boko\u015b\u0107 22 cm<\/p>\n<p>Waga 9 kg\/szt<\/p>\n<p>&nbsp;<\/p>\n","protected":false},"excerpt":{"rendered":"<p>Kolumny Technics SB-CS95 szer. 28,5 cm wys. 53 cm G\u0142\u0119boko\u015b\u0107 22 cm Waga 9 kg\/szt &nbsp;<\/p>\n","protected":false},"featured_media":8101,"template":"","meta":[],"product_brand":[],"product_cat":[42],"product_tag":[],"class_list":{"0":"post-3603","1":"product","2":"type-product","3":"status-publish","4":"has-post-thumbnail","6":"product_cat-kolumny-glosniki","8":"first","9":"instock","10":"shipping-taxable","11":"purchasable","12":"product-type-simple"},"_links":{"self":[{"href":"https:\/\/www.fantechnics.pl\/index.php\/wp-json\/wp\/v2\/product\/3603","targetHints":{"allow":["GET"]}}],"collection":[{"href":"https:\/\/www.fantechnics.pl\/index.php\/wp-json\/wp\/v2\/product"}],"about":[{"href":"https:\/\/www.fantechnics.pl\/index.php\/wp-json\/wp\/v2\/types\/product"}],"wp:featuredmedia":[{"embeddable":true,"href":"https:\/\/www.fantechnics.pl\/index.php\/wp-json\/wp\/v2\/media\/8101"}],"wp:attachment":[{"href":"https:\/\/www.fantechnics.pl\/index.php\/wp-json\/wp\/v2\/media?parent=3603"}],"wp:term":[{"taxonomy":"product_brand","embeddable":true,"href":"https:\/\/www.fantechnics.pl\/index.php\/wp-json\/wp\/v2\/product_brand?post=3603"},{"taxonomy":"product_cat","embeddable":true,"href":"https:\/\/www.fantechnics.pl\/index.php\/wp-json\/wp\/v2\/product_cat?post=3603"},{"taxonomy":"product_tag","embeddable":true,"href":"https:\/\/www.fantechnics.pl\/index.php\/wp-json\/wp\/v2\/product_tag?post=3603"}],"curies":[{"name":"wp","href":"https:\/\/api.w.org\/{rel}","templated":true}]}}