{"id":327,"date":"2021-12-02T20:26:31","date_gmt":"2021-12-02T20:26:31","guid":{"rendered":"https:\/\/www.fantechnics.pl\/?post_type=product&#038;p=327"},"modified":"2023-11-15T09:34:44","modified_gmt":"2023-11-15T09:34:44","slug":"technics_sh-8066","status":"publish","type":"product","link":"https:\/\/www.fantechnics.pl\/index.php\/produkt\/technics_sh-8066\/","title":{"rendered":"Equalizer Technics SH-8066"},"content":{"rendered":"<p>Dotykowy <strong>12<\/strong> pasmowy!<\/p>\n<p>Equalizer Technics SH-8066<\/p>\n<p>Zachowany w \u0142adnym stanie i w pe\u0142ni sprawny!<\/p>\n<p>Jeden z najlepszych\u00a0 korektor\u00f3w i z pewno\u015bci\u0105 jeden z naj\u0142adniejszych.<\/p>\n<p>Jeden z dw\u00f3ch modeli Technics&#8217;a przygotowany do wsp\u00f3\u0142pracy z mikrofonem pojemno\u015bciowym.<\/p>\n<p>&nbsp;<\/p>\n<p style=\"text-align: center\"><strong>Masz pytania?<\/strong><\/p>\n<p style=\"text-align: center\"><strong> Zadzwo\u0144!<\/strong><\/p>\n<p style=\"text-align: center\"><strong>660 884 334<\/strong><\/p>\n","protected":false},"excerpt":{"rendered":"<p>Dotykowy 12 pasmowy! Equalizer Technics SH-8066 Zachowany w \u0142adnym stanie i w pe\u0142ni sprawny! Jeden z najlepszych\u00a0 korektor\u00f3w i z pewno\u015bci\u0105 jeden z naj\u0142adniejszych. Jeden z dw\u00f3ch modeli Technics&#8217;a przygotowany do wsp\u00f3\u0142pracy<a class=\"moretag\" href=\"https:\/\/www.fantechnics.pl\/index.php\/produkt\/technics_sh-8066\/\">Read More&#8230;<\/a><\/p>\n","protected":false},"featured_media":319,"template":"","meta":[],"product_brand":[],"product_cat":[43],"product_tag":[30,32,31],"class_list":{"0":"post-327","1":"product","2":"type-product","3":"status-publish","4":"has-post-thumbnail","6":"product_cat-equalizery","7":"product_tag-amplituner","8":"product_tag-korektor","9":"product_tag-technics","11":"first","12":"outofstock","13":"featured","14":"shipping-taxable","15":"purchasable","16":"product-type-simple"},"_links":{"self":[{"href":"https:\/\/www.fantechnics.pl\/index.php\/wp-json\/wp\/v2\/product\/327","targetHints":{"allow":["GET"]}}],"collection":[{"href":"https:\/\/www.fantechnics.pl\/index.php\/wp-json\/wp\/v2\/product"}],"about":[{"href":"https:\/\/www.fantechnics.pl\/index.php\/wp-json\/wp\/v2\/types\/product"}],"wp:featuredmedia":[{"embeddable":true,"href":"https:\/\/www.fantechnics.pl\/index.php\/wp-json\/wp\/v2\/media\/319"}],"wp:attachment":[{"href":"https:\/\/www.fantechnics.pl\/index.php\/wp-json\/wp\/v2\/media?parent=327"}],"wp:term":[{"taxonomy":"product_brand","embeddable":true,"href":"https:\/\/www.fantechnics.pl\/index.php\/wp-json\/wp\/v2\/product_brand?post=327"},{"taxonomy":"product_cat","embeddable":true,"href":"https:\/\/www.fantechnics.pl\/index.php\/wp-json\/wp\/v2\/product_cat?post=327"},{"taxonomy":"product_tag","embeddable":true,"href":"https:\/\/www.fantechnics.pl\/index.php\/wp-json\/wp\/v2\/product_tag?post=327"}],"curies":[{"name":"wp","href":"https:\/\/api.w.org\/{rel}","templated":true}]}}