{"id":1383,"date":"2022-02-12T12:20:33","date_gmt":"2022-02-12T12:20:33","guid":{"rendered":"https:\/\/www.fantechnics.pl\/?post_type=product&#038;p=1383"},"modified":"2025-01-30T14:26:59","modified_gmt":"2025-01-30T14:26:59","slug":"magnetofon-technics-rs-m230","status":"publish","type":"product","link":"https:\/\/www.fantechnics.pl\/index.php\/produkt\/magnetofon-technics-rs-m230\/","title":{"rendered":"Magnetofon Technics RS-M230"},"content":{"rendered":"<p>Magnetofon Technics RS-M230<\/p>\n<p>Brak nak\u0142adki ga\u0142ki, zast\u0105pione nieoryginaln\u0105!<\/p>\n","protected":false},"excerpt":{"rendered":"<p>Magnetofon Technics RS-M230 Brak nak\u0142adki ga\u0142ki, zast\u0105pione nieoryginaln\u0105!<\/p>\n","protected":false},"featured_media":6756,"template":"","meta":[],"product_brand":[],"product_cat":[55],"product_tag":[],"class_list":{"0":"post-1383","1":"product","2":"type-product","3":"status-publish","4":"has-post-thumbnail","6":"product_cat-jednokasetowe","8":"first","9":"outofstock","10":"shipping-taxable","11":"purchasable","12":"product-type-simple"},"_links":{"self":[{"href":"https:\/\/www.fantechnics.pl\/index.php\/wp-json\/wp\/v2\/product\/1383","targetHints":{"allow":["GET"]}}],"collection":[{"href":"https:\/\/www.fantechnics.pl\/index.php\/wp-json\/wp\/v2\/product"}],"about":[{"href":"https:\/\/www.fantechnics.pl\/index.php\/wp-json\/wp\/v2\/types\/product"}],"wp:featuredmedia":[{"embeddable":true,"href":"https:\/\/www.fantechnics.pl\/index.php\/wp-json\/wp\/v2\/media\/6756"}],"wp:attachment":[{"href":"https:\/\/www.fantechnics.pl\/index.php\/wp-json\/wp\/v2\/media?parent=1383"}],"wp:term":[{"taxonomy":"product_brand","embeddable":true,"href":"https:\/\/www.fantechnics.pl\/index.php\/wp-json\/wp\/v2\/product_brand?post=1383"},{"taxonomy":"product_cat","embeddable":true,"href":"https:\/\/www.fantechnics.pl\/index.php\/wp-json\/wp\/v2\/product_cat?post=1383"},{"taxonomy":"product_tag","embeddable":true,"href":"https:\/\/www.fantechnics.pl\/index.php\/wp-json\/wp\/v2\/product_tag?post=1383"}],"curies":[{"name":"wp","href":"https:\/\/api.w.org\/{rel}","templated":true}]}}