{"id":1124,"date":"2022-02-01T21:11:22","date_gmt":"2022-02-01T21:11:22","guid":{"rendered":"https:\/\/www.fantechnics.pl\/?page_id=1124"},"modified":"2023-06-16T13:09:52","modified_gmt":"2023-06-16T13:09:52","slug":"regulamin-sklepu","status":"publish","type":"page","link":"https:\/\/www.fantechnics.pl\/index.php\/regulamin-sklepu\/","title":{"rendered":"Regulamin sklepu"},"content":{"rendered":"\n<p><strong>\u00a71 Postanowienia Og\u00f3lne<\/strong><\/p>\n\n\n\n<p>1.1. Niniejszy regulamin reguluje zasady korzystania ze Sklepu Internetowego prowadzonego pod adresem www.fantechnics.pl,<br>1.2. Sklep internetowy, dzia\u0142aj\u0105cy pod adresem www.fantechnics.pl (zwany dalej: Sklep internetowy Fan-Technics), jest prowadzony przez <em>\u201cANDRE\u201d F.P.H.U. ANDRZEJ KRYWAN<\/em>&nbsp;z siedzib\u0105 w \u0141odzi ul. Kwarcowa 2. NIP 7261496110, REGON 472875483.<br>1.3. Dane teleadresowe przedsi\u0119biorcy, umo\u017cliwiaj\u0105ce Kupuj\u0105cemu kontakt ze Sprzedawc\u0105:<br>1) adres pocztowy: <a href=\"mailto:fantechnics@op.pl\"><\/a><a href=\"https:\/\/www.fantechnics.pl\/index.php\/kontakt\/\">\u0141\u00f3d\u017a, ul. Kwarcowa 2<\/a><br>2) numer telefonu: <a href=\"tel:+48660884334\">+48 660 884 334<\/a><br>3) adres poczty elektronicznej: <a href=\"mailto:fantechnics@op.pl\">fantechnics@op.pl<\/a><br>1.4. Regulamin sklepu internetowego Fan-Technics umieszczony jest nieprzerwanie na stronie internetowej www.fantechnics.pl w spos\u00f3b umo\u017cliwiaj\u0105cy Klientom jego pozyskanie, odtwarzanie i utrwalanie jego tre\u015bci. Regulamin jest r\u00f3wnie\u017c udost\u0119pniany Klientom przed zawarciem umowy.<\/p>\n\n\n\n<p><strong>\u00a7 2 Zasady korzystania ze sklepu internetowego<br><\/strong>2.1. Ceny wszystkich oferowanych przez Sklep towar\u00f3w i us\u0142ug s\u0105 cenami brutto (zawieraj\u0105 podatek) oraz s\u0105 wyra\u017cone w z\u0142otych polskich. Odst\u0119pstwa od zasady waluty polskiej s\u0105 wyra\u017anie zaznaczone.<br>2.2. Ceny widniej\u0105ce na stronie internetowej sklepu Fan-Technics, jak r\u00f3wnie\u017c opisy towar\u00f3w i us\u0142ug stanowi\u0105 jedynie informacj\u0119 handlow\u0105, a nie ofert\u0119 w rozumieniu Kodeksu Cywilnego. Charakter wi\u0105\u017c\u0105cy \u2013 na potrzeby zawarcia konkretnej umowy \u2013 zyskuj\u0105 one dopiero z chwil\u0105 potwierdzenia przyj\u0119cia zam\u00f3wienia do realizacji przez Sprzedaj\u0105cego.<br>2.3. Sprzedawca u\u017cywa w Sklepie internetowym Fan-Technics kod\u00f3w rabatowych upowa\u017cniaj\u0105cych do zakup\u00f3w towar\u00f3w z rabatem zamieszczonym na kuponie. Kody rabatowe nie podlegaj\u0105 zamianie na r\u00f3wnowarto\u015b\u0107 pieni\u0119\u017cn\u0105.<br>2.4. Do z\u0142o\u017cenia zam\u00f3wienia w sklepie internetowym Fan-Technics konieczna jest akceptacja niniejszego Regulaminu.<br>2.5. Do skutecznego z\u0142o\u017cenia zam\u00f3wienia w Sklepie internetowym Fan-Technics konieczne jest posiadanie urz\u0105dzenia z dost\u0119pem do Internetu umo\u017cliwiaj\u0105ce przegl\u0105danie stron<br>internetowych, a tak\u017ce klawiatura lub inne urz\u0105dzenie umo\u017cliwiaj\u0105ce poprawne wype\u0142nienie formularzy elektronicznych. Zaleca si\u0119 korzystanie z najnowszych wersji przegl\u0105darek internetowych: Firefox, Chrome, Internet Explorer, Microsoft Edge, Opera, Safari dla systemu OS X, itd.<br>2.6. Strona Sklepu internetowego korzysta z technologii Responsive Web Design (RWD), kt\u00f3ra dopasowuje tre\u015b\u0107 strony do urz\u0105dzenia na kt\u00f3rym jest ona wy\u015bwietlana. Strona Sklepu jest przygotowana do wy\u015bwietlenia zar\u00f3wno na komputerach stacjonarnych jak i r\u00f3wnie\u017c urz\u0105dzeniach mobilnych.<br>2.7. Strona Sklepu internetowego Fan-Technics posiada certyfikat SSL \u2013 bezpieczny protok\u00f3\u0142 szyfrowania komunikacji.<br>2.8. Sprz\u0119t sprzedawany jest bez akcesori\u00f3w (np. piloty, okablowanie). Mo\u017cliwe jest zakup w odpowiedniej kategorii. Wyj\u0105tkiem jest produkt, kt\u00f3ry zawiera w opisie za\u0142\u0105czone akcesoria. <br>2.9. W przypadku wi\u0119kszej ilo\u015bci danego produktu na magazynie &#8211; zdj\u0119cia produktu mog\u0105 niewiele r\u00f3\u017cni\u0107 si\u0119 od faktycznego stanu. W razie potrzeby Sprzedawca mo\u017ce przes\u0142a\u0107 dodatkowe zdj\u0119cia zakupionego egzemplarza przed wysy\u0142k\u0105. <\/p>\n\n\n\n<p><strong>\u00a7 3 Warunki zawierania umowy sprzeda\u017cy<\/strong><br>3.1. Zam\u00f3wienia w sklepie internetowym Fan-Technics mo\u017cna dokonywa\u0107 poprzez wype\u0142nienie odpowiednich formularzy dost\u0119pnych na stronach sklepu.<br>3.2. Klient podczas sk\u0142adania zam\u00f3wienia jest zobowi\u0105zany do podania prawid\u0142owych danych osobowych: imienia i nazwiska, adresu zamieszkania, adresu e-mail oraz telefonu<br>kom\u00f3rkowego.<br>3.3. Po otrzymaniu zam\u00f3wienia, Sprzedawca potwierdza jego otrzymanie oraz jednocze\u015bnie informuje o przyj\u0119ciu Zam\u00f3wienia do realizacji. Potwierdzenie zam\u00f3wienie odbywa si\u0119<br>poprzez przes\u0142anie przez Sprzedaj\u0105cego do Klienta odpowiedniej wiadomo\u015bci mailowej na adres podany w formularzu zam\u00f3wienia. Z chwil\u0105 potwierdzenia przyj\u0119cia zam\u00f3wienia do realizacji przez Sprzedaj\u0105cego, umowa uwa\u017cana jest za zawart\u0105.<br>3.4. Udost\u0119pnienie oraz utrwalenie tre\u015bci umowy sprzeda\u017cy nast\u0119puje poprzez udost\u0119pnienie niniejszego Regulaminu na stronie Sklepu Internetowego, przes\u0142anie stosownej informacji na adres mailowy Klienta podany przy sk\u0142adaniu zam\u00f3wienia, o kt\u00f3rym mowa w \u00a74 pkt. 4.2.<br>3.5. Dokonywanie Zam\u00f3wie\u0144 w Sklepie internetowym Fan-Technics jest mo\u017cliwe 24 godziny na dob\u0119 przez wszystkie dni w roku.<\/p>\n\n\n\n<p><strong>\u00a7 4 Spos\u00f3b p\u0142atno\u015bci i termin p\u0142atno\u015bci<\/strong><br>4.1. W sklepie Fan-Technics istnieje mo\u017cliwo\u015b\u0107 p\u0142atno\u015bci w jeden z nast\u0119puj\u0105cych sposob\u00f3w:<\/p>\n\n\n\n<ul class=\"wp-block-list\" id=\"block-96a1f44c-009d-4a37-accb-e1ecdd60d4f4\">\n<li>przelew na konto bankowe Sprzedawcy,<\/li>\n\n\n\n<li>p\u0142atno\u015b\u0107 za pobraniem,<\/li>\n\n\n\n<li>p\u0142atno\u015b\u0107 got\u00f3wk\u0105 przy odbiorze osobistym,<\/li>\n\n\n\n<li>za po\u015brednictwem us\u0142ug p\u0142atniczych dostawc\u00f3w zewn\u0119trznych.<\/li>\n<\/ul>\n\n\n\n<p>4.2. Sklep internetowy Fan-Technics umo\u017cliwia wp\u0142at\u0119 nale\u017cno\u015bci za po\u015brednictwem nast\u0119puj\u0105cych zewn\u0119trznych serwis\u00f3w p\u0142atno\u015bci elektronicznych takich jak:<\/p>\n\n\n\n<ul class=\"wp-block-list\">\n<li>PayNow<\/li>\n<\/ul>\n\n\n\n<p>4.3. Klient jest obowi\u0105zany do dokonania p\u0142atno\u015bci za pomoc\u0105 jednego z wy\u017cej wymienionych sposob\u00f3w w terminie 7 dni kalendarzowych od dnia zakupu.<br>4.4. W przypadku wyboru p\u0142atno\u015bci za pobraniem, Klient zobowi\u0105zany jest do dokonania p\u0142atno\u015bci przy odbiorze przesy\u0142ki.<br>4.5. <\/p>\n\n\n\n<p><strong>\u00a7 5 Dostawa<\/strong><br>5.1. Zam\u00f3wione towary s\u0105 dostarczane wy\u0142\u0105cznie na terytorium Rzeczypospolitej Polskiej i odbywa si\u0119 pod adresem wskazanym przez Klienta w formularzu zam\u00f3wienia. W wyj\u0105tkowym przypadku po za granice &#8211; indywidualnie wcze\u015bniej ustalone pomi\u0119dzy Sprzedaj\u0105cym a Kupuj\u0105cym przez zakupem produktu.<br>5.2. Czas wysy\u0142ki towar\u00f3w jest oznaczony na stronach Sklepu internetowych  Fan-Technics wynosi 48 godzin w dni robocze. Sprzedawca do\u0142o\u017cy wszelkich stara\u0144, aby dostawa towaru nast\u0105pi\u0142a w czasie podanym w karcie produktu w sklepie internetowym. W przypadku niemo\u017cliwo\u015bci dostawy towaru w wy\u017cej wymienionym czasie, Kupuj\u0105cy zostanie o tym<br>niezw\u0142ocznie poinformowany.<br>5.3. Dostawa zam\u00f3wionych Towar\u00f3w odbywa si\u0119 za po\u015brednictwem mi\u0119dzy innymi:<\/p>\n\n\n\n<ul class=\"wp-block-list\">\n<li>DHL<\/li>\n\n\n\n<li>UPS<\/li>\n\n\n\n<li>GLS<\/li>\n\n\n\n<li>InPost<\/li>\n\n\n\n<li>DPD<\/li>\n\n\n\n<li>Paczka w RUCHu<\/li>\n\n\n\n<li>Poczta Polska<\/li>\n<\/ul>\n\n\n\n<p>5.4. W momencie przekazania towaru firmie kurierskiej Kupuj\u0105cy jest powiadamiany o tym fakcie poprzez wys\u0142anie wiadomo\u015bci e-mail na adres podany w zam\u00f3wieniu.<br>5.5. Klient mo\u017ce r\u00f3wnie\u017c odebra\u0107 zam\u00f3wiony towar osobi\u015bcie w siedzibie firmy Fan-Technics. W przypadku odbioru osobistego kupuj\u0105cy nie ponosi koszt\u00f3w dowozu towaru.<br>5.6. Koszty dostarczenia Towaru, kt\u00f3re opr\u00f3cz ceny za Towar ponosi Klient, s\u0105 podawane na stronie internetowej Sklepu przy sk\u0142adaniu Zam\u00f3wienia. Opcja darmowej dostawy dotyczy produkt\u00f3w wyznaczonych przez sprzedawc\u0119.<br>5.7. Koszt dostawy towaru w przypadku wyboru p\u0142atno\u015bci za pobraniem w ca\u0142o\u015bci pokrywa Klient.<br>5.8. W momencie przyj\u0119cia towaru Klient zobowi\u0105zany jest potwierdzi\u0107 jego odbi\u00f3r. Od tej pory towar staje si\u0119 w\u0142asno\u015bci\u0105 Klienta.<\/p>\n\n\n\n<p><strong>\u00a7 6 Odst\u0105pienie do umowy<\/strong><br>6.1. Kupuj\u0105cy b\u0119d\u0105cy Konsumentem lub Przedsi\u0119biorc\u0105 na prawach konsumenta, kt\u00f3ry zawar\u0142 umow\u0119 na odleg\u0142o\u015b\u0107 lub poza lokalem przedsi\u0119biorstwa, ma prawo odst\u0105pi\u0107 od<br>zawartej umowy sprzeda\u017cy w terminie 14 dni od daty wydania mu towaru bez podania przyczyny.<br>6.2. W przypadku skorzystania z prawa, o kt\u00f3rym mowa w punkcie poprzedzaj\u0105cym, Kupuj\u0105cy powinien poinformowa\u0107 o tym Sprzedaj\u0105cego, sk\u0142adaj\u0105c o\u015bwiadczenie o odst\u0105pieniu na formularzu udost\u0119pnionym mu przez Sprzedawc\u0119, kt\u00f3re mo\u017ce zosta\u0107 wys\u0142ane poczt\u0105 na adres:<\/p>\n\n\n\n<p class=\"has-text-align-center\"> <strong>Fan-Technics<br>91-614 \u0141\u00f3d\u017a, ul.Kwarcowa 2<\/strong><\/p>\n\n\n\n<p>mo\u017ce to tak\u017ce zrobi\u0107 drog\u0105 elektroniczn\u0105 za pomoc\u0105 elektronicznego formularza odst\u0105pienia od umowy przes\u0142anego na adres mailowy sprzedawcy <a href=\"mailto:fantechnics@op.pl\">fantechnics@op.pl<\/a>. Do zachowania terminu wystarczy wys\u0142anie o\u015bwiadczenia przed jego up\u0142ywem. O\u015bwiadczenie o odst\u0105pieniu z\u0142o\u017cone po terminie, o kt\u00f3rym mowa w \u00a77 pkt. 7.1 nie wywo\u0142uje skutk\u00f3w prawnych.<br>6.3. Formularz o\u015bwiadczenia o odst\u0105pieniu od umowy (<a href=\"https:\/\/www.fantechnics.pl\/wp-content\/uploads\/2022\/02\/zalacznik-nr1.pdf\">za\u0142\u0105cznik Nr 1<\/a> do niniejszego Regulaminu) jest przekazywany Kupuj\u0105cemu w formie elektronicznej (w za\u0142\u0105czniku do korespondencji elektronicznej potwierdzaj\u0105cej przyj\u0119cie zam\u00f3wienia do realizacji).<br>6.4. W przypadku z\u0142o\u017cenia przez Konsumenta lub Przedsi\u0119biorc\u0119 na prawach konsumenta, o\u015bwiadczenia o odst\u0105pieniu drog\u0105 elektroniczn\u0105 za po\u015brednictwem elektronicznego<br>formularza odst\u0105pienia od umowy, Sprzedawca niezw\u0142ocznie prze\u015ble potwierdzenie otrzymania o\u015bwiadczenia o odst\u0105pieniu od umowy.<br>6.5. Koszt zwrotu towaru, za wyj\u0105tkiem sytuacji, o kt\u00f3rej mowa w art. 33 (tj. w sytuacji dodatkowych koszt\u00f3w wynikaj\u0105cych z wybranego przez Konsumenta lub Przedsi\u0119biorc\u0119<br>na prawach konsumenta, sposobu dostawy innego ni\u017c najta\u0144szy zwyk\u0142y spos\u00f3b dostawy dost\u0119pny w Sklepie Internetowym) i art. 34 ust. 2 ustawy z 30.5.2014 r. \u2013 o prawach konsumenta, ponosi Sprzedawca.<br>6.6. Kupuj\u0105cy ma obowi\u0105zek nale\u017cycie zabezpieczy\u0107 odsy\u0142any towar tak, aby zapobiec jego uszkodzeniu w transporcie. Bezpo\u015bredni koszt zwrotu rzeczy \u2013 zgodnie z art. 34 ust. 2<br>ustawy z 30.5.2014 r. \u2013 o prawach konsumenta (t.j. Dz.U. z 2017 r. poz. 683) ponosi Konsument.<br>6.7. Konsument lub Przedsi\u0119biorca na prawach konsumenta zobowi\u0105zany jest do dokonania zwrotu rzeczy niezw\u0142ocznie, jednak nie p\u00f3\u017aniej ni\u017c w terminie 14 dni od daty, w kt\u00f3rej<br>odst\u0105pi\u0142 od umowy. Sprzedaj\u0105cy mo\u017ce zastrzec, i\u017c w przypadku odst\u0105pienia od umowy, rzecz podlegaj\u0105ca zwrotowi zostanie odebrana przez niego lub osob\u0119 przez niego upowa\u017cnion\u0105.<br>6.8. Je\u017celi dostarczony towar jest niekompletny, b\u0105d\u017a nosi \u015blady u\u017cytkowania, wykraczaj\u0105ce poza zwyk\u0142y zarz\u0105d rzecz\u0105, Sprzedawca zastrzega sobie prawo do odmowy przyj\u0119cia<br>przesy\u0142ki, lub do obni\u017cenia zwracanej kwoty o r\u00f3wnowarto\u015b\u0107 towaru uszkodzonego.<br>6.9. W przypadku odst\u0105pienia od umowy wszystkie dokonane przez Kupuj\u0105cego p\u0142atno\u015bci, w tym koszty dostarczenia, zostan\u0105 przekazane na rachunek bankowy Kupuj\u0105cego<br>niezw\u0142ocznie, nie p\u00f3\u017aniej jednak ni\u017c w terminie 14 dni od dnia otrzymania przez Sprzedaj\u0105cego o\u015bwiadczenia Kupuj\u0105cego o odst\u0105pieniu od umowy.<br>6.10. Sprzedawca o\u015bwiadcza, i\u017c zwrot p\u0142atno\u015bci, o kt\u00f3rym mowa w \u00a7 7 pkt 7.9 Regulaminu zostanie zrealizowany przy u\u017cyciu takiego samego sposobu zap\u0142aty, jakiego u\u017cy\u0142 Kupuj\u0105cy. Sprzedawca w porozumieniu ze Kupuj\u0105cym, mo\u017ce ustali\u0107 inny spos\u00f3b zwrotu, kt\u00f3ry nie b\u0119dzie wi\u0105za\u0142 si\u0119 z konieczno\u015bci\u0105 poniesienia przez Kupuj\u0105cego dodatkowych koszt\u00f3w.<br>6.11. Sprzedawca o\u015bwiadcza, \u017ce prawo do odst\u0105pienia nie przys\u0142uguje w odniesieniu do um\u00f3w uj\u0119tych w art. 38 ustawy z 30.5.2014 r. \u2013 o prawach konsumenta,<br>6.12. Zawieraj\u0105c umow\u0119 Konsument lub Przedsi\u0119biorca na prawach konsumenta potwierdza, i\u017c zapozna\u0142 si\u0119 z tre\u015bci\u0105 niniejszego regulaminu, w tym potwierdza, i\u017c zosta\u0142 zawiadomiony o prawie odst\u0105pienia od zawartej umowy sprzeda\u017cy w terminie 14 dni od daty wydania mu towaru.<br>6.13. Koszty zwrotu produktu, zakupionego w ramach darmowej wysy\u0142ki &#8211; pokrywa Kupuj\u0105cy.<br>6.14. Pierwotny koszt wysy\u0142ki zwr\u00f3conego produktu (r\u00f3wnie\u017c zakupionego w ramach &#8220;darmowej wysy\u0142ki&#8221;) &#8211; pokrywa Kupuj\u0105cy, zwracana kwota zostanie pomniejszona o koszt wysy\u0142ki produktu.<\/p>\n\n\n\n<p><strong>\u00a77 Reklamacje<\/strong><br>7.1. Podstawa i zakres odpowiedzialno\u015bci Sprzedawcy wobec Klienta, z tytu\u0142u niezgodno\u015bci Produktu z Umow\u0105 s\u0105 okre\u015blone powszechnie obowi\u0105zuj\u0105cymi przepisami prawa oraz<br>poni\u017cszymi postanowieniami Regulaminu.<br>7.2. Sprzedawca jest obowi\u0105zany dostarczy\u0107 produkt bez wad (ewentualnie z opisanymi lub pokazanymi na zdj\u0119ciach wadami &#8211; rzeczy u\u017cywane).<br>7.3. W przypadku stwierdzenia uszkodze\u0144 mechanicznych, powsta\u0142ych podczas dostawy lub w przypadku skierowania reklamacji do Sprzedaj\u0105cego, Kupuj\u0105cy powinien przes\u0142a\u0107<br>informacje o tym fakcie poprzez e-mail na adres <a href=\"mailto:fantechnics@op.pl\">fantechnics@op.pl<\/a> . W zg\u0142oszeniu zaleca si\u0119 wskaza\u0107 wad\u0119, jak\u0105 zdaniem Klienta towar posiada, oraz je\u017celi jest to mo\u017cliwe \u2013 udokumentowa\u0107 rzeczon\u0105 wad\u0119, dat\u0119 wyst\u0105pienia wady, \u017c\u0105danie sposobu doprowadzenia do zgodno\u015bci towaru z umow\u0105 zgodnie z art. 560 i nast. Kodeksu cywilnego oraz podanie danych kontaktowych. Powy\u017csze wymogi maj\u0105 charakter zalece\u0144, ich brak nie ma wp\u0142ywu na skuteczno\u015b\u0107 reklamacji.<br>7.4. Sprzedawca w terminie 14 dni od otrzymania zg\u0142oszenia ustosunkuje si\u0119 do zg\u0142oszenia. Brak ustosunkowania si\u0119 Sprzedawcy w powy\u017cszym terminie oznacza, \u017ce Sprzedawca<br>uzna\u0142 reklamacj\u0119 za uzasadnion\u0105.<br>7.5. Produkty sprzedawane na sklepie www.FanTechnics.pl s\u0105 u\u017cywane i posiadaj\u0105 7-dnio dniow\u0105 gwarancj\u0119 rozruchow\u0105 &#8211; liczon\u0105 od odbioru przesy\u0142ki lub odbioru osobistego w sklepie stacjonarnym.<br>7.6. Szczeg\u00f3\u0142owe informacje dotycz\u0105ce mo\u017cliwo\u015bci skorzystania przez Klienta b\u0119d\u0105cego Konsumentem z pozas\u0105dowych sposob\u00f3w rozpatrywania reklamacji i dochodzenia roszcze\u0144 oraz zasady dost\u0119pu do tych procedur dost\u0119pne s\u0105 w siedzibach oraz na stronach internetowych powiatowych (miejskich) rzecznik\u00f3w konsument\u00f3w, organizacji spo\u0142ecznych, do kt\u00f3rych zada\u0144 statutowych nale\u017cy ochrona konsument\u00f3w, Wojew\u00f3dzkich Inspektorat\u00f3w Inspekcji Handlowej oraz pod nast\u0119puj\u0105cymi adresami internetowymi Urz\u0119du Ochrony Konkurencji i Konsument\u00f3w:<br>7.6.1. www.uokik.gov.pl\/spory_konsumenckie.php<br>7.6.2. www.uokik.gov.pl\/sprawy_indywidualne.php<br>7.6.3. www.uokik.gov.pl\/wazne_adresy.php<br>7.7. Klient b\u0119d\u0105cy Konsumentem posiada w szczeg\u00f3lno\u015bci (lecz nie wy\u0142\u0105cznie) nast\u0119puj\u0105ce przyk\u0142adowe mo\u017cliwo\u015bci skorzystania z pozas\u0105dowych sposob\u00f3w rozpatrywania reklamacji i dochodzenia roszcze\u0144:<br>7.7.1. Klient uprawniony jest do zwr\u00f3cenia si\u0119 do sta\u0142ego polubownego s\u0105du konsumenckiego, o kt\u00f3rym mowa w art. 37 ustawy z dnia 15 grudnia 2000 r. o Inspekcji Handlowej (Dz.U. z 2019 r., poz. 1668 ze zm.), z wnioskiem o rozstrzygni\u0119cie sporu wynik\u0142ego z zawartej Umowy Sprzeda\u017cy. Regulamin organizacji i dzia\u0142ania sta\u0142ych polubownych s\u0105d\u00f3w konsumenckich okre\u015bla rozporz\u0105dzenie ministra sprawiedliwo\u015bci z dnia 6 lipca 2017 r. w sprawie okre\u015blenia regulaminu organizacji i dzia\u0142ania sta\u0142ych polubownych sta\u0142ych s\u0105d\u00f3w<br>polubownych przy wojew\u00f3dzkich inspektorach inspekcji handlowej. (Dz.U. z 2017 r. poz. 1356).<br>7.7.2. Klient uprawniony jest do zwr\u00f3cenia si\u0119 do wojew\u00f3dzkiego inspektora Inspekcji Handlowej, zgodnie z art. 36 ustawy z dnia 15 grudnia 2000 r. o Inspekcji Handlowej (tekst jednolity: Dz.U. z 2019 r., poz. 1668 ze zm.), z wnioskiem o pozas\u0105dowe rozwi\u0105zanie sporu mi\u0119dzy Klientem, a Sprzedawc\u0105. Informacja na temat zasad i trybu procedury mediacji prowadzonej przez wojew\u00f3dzkiego inspektora Inspekcji Handlowej dost\u0119pna jest w siedzibach oraz na stronach internetowych poszczeg\u00f3lnych Wojew\u00f3dzkich Inspektorat\u00f3w Inspekcji Handlowej.<br>7.7.3. Klient mo\u017ce z\u0142o\u017cy\u0107 skarg\u0119 za po\u015brednictwem platformy internetowej ODR: https:\/\/ec.europa.eu\/consumers\/odr\/. Platforma ODR stanowi tak\u017ce \u017ar\u00f3d\u0142o informacji na temat form pozas\u0105dowego rozstrzygania spor\u00f3w mog\u0105cych powsta\u0107 pomi\u0119dzy przedsi\u0119biorcami i Konsumentami.<\/p>\n\n\n\n<p><strong>\u00a7 8 Naliczanie op\u0142at za przechowywanie nieodebranego sprz\u0119tu z serwisu<\/strong><br>8.1. Sprz\u0119t nieodebrany z serwisu po dokonanej naprawie podlega bezumownej op\u0142acie za magazynowanie w wysoko\u015bci 5z\u0142\/dzie\u0144 liczony po ustalonym dniu odbioru.<\/p>\n\n\n\n<p><strong>\u00a7 9 Dane osobowe<\/strong><br>9.1. Administratorem danych osobowych jest Sprzedawca.<br>9.2. Zasady ochrony danych osobowych znajduj\u0105 si\u0119 w Polityce Prywatno\u015bci sklepu<br>internetowego Fan-Technics, dost\u0119pnego na stronie https:\/\/www.fantechnics.pl\/index.php\/privacy-policy\/<\/p>\n\n\n\n<p><br><strong>\u00a7 10 Postanowienia ko\u0144cowe<\/strong><br>10.1. Sprzedawca zastrzega sobie prawo do wprowadzania z wa\u017cnych przyczyn zmian w niniejszym Regulaminie. Wszelkie zmiany Regulaminu wchodz\u0105 w \u017cycie w odpowiednim terminie wskazanym przez Sprzedawc\u0119, nie kr\u00f3tszym jednak ni\u017c 7 dni.<br>10.2. Zmieniony Regulamin wi\u0105\u017ce Kupuj\u0105cego\/Klienta, je\u017celi zosta\u0142y zachowane wymagania okre\u015blone w art. 384 oraz 384[1] Kodeksu cywilnego, to jest zosta\u0142 on prawid\u0142owo powiadomiony o zmianach i nie wypowiedzia\u0142 umowy w terminie 14 dni kalendarzowych od dnia powiadomienia.<br>10.3. Zgodnie z art. 8 ust. 3 pkt 2 lit. b ustawy z 18.7.2002 r. o \u015bwiadczeniu us\u0142ug drog\u0105 elektroniczn\u0105 podmiot korzystaj\u0105cy ze strony sklepu internetowego Fan-Technics zobowi\u0105zany jest do nieumieszczania na tej stronie tre\u015bci o charakterze bezprawnym.<br>10.4. W sprawach nieuregulowanych niniejszym regulaminem zastosowanie mie\u0107 b\u0119d\u0105 odpowiednie przepisy Kodeku cywilnego oraz ustawy z 30.5.2014 r. \u2013 o prawach konsumenta.<br>10.5. Umowy ze sprzedawc\u0105 zawierane s\u0105 w j\u0119zyku polskim.<br>10.6. Regulamin wchodzi w \u017cycie z dniem 01-01-2022r.<\/p>\n","protected":false},"excerpt":{"rendered":"<p>\u00a71 Postanowienia Og\u00f3lne 1.1. Niniejszy regulamin reguluje zasady korzystania ze Sklepu Internetowego prowadzonego pod adresem www.fantechnics.pl,1.2. Sklep internetowy, dzia\u0142aj\u0105cy pod adresem www.fantechnics.pl (zwany dalej: Sklep internetowy Fan-Technics), jest prowadzony przez \u201cANDRE\u201d F.P.H.U.<a class=\"moretag\" href=\"https:\/\/www.fantechnics.pl\/index.php\/regulamin-sklepu\/\">Read More&#8230;<\/a><\/p>\n","protected":false},"author":1,"featured_media":0,"parent":0,"menu_order":0,"comment_status":"closed","ping_status":"closed","template":"","meta":{"footnotes":""},"class_list":["post-1124","page","type-page","status-publish","hentry"],"_links":{"self":[{"href":"https:\/\/www.fantechnics.pl\/index.php\/wp-json\/wp\/v2\/pages\/1124","targetHints":{"allow":["GET"]}}],"collection":[{"href":"https:\/\/www.fantechnics.pl\/index.php\/wp-json\/wp\/v2\/pages"}],"about":[{"href":"https:\/\/www.fantechnics.pl\/index.php\/wp-json\/wp\/v2\/types\/page"}],"author":[{"embeddable":true,"href":"https:\/\/www.fantechnics.pl\/index.php\/wp-json\/wp\/v2\/users\/1"}],"replies":[{"embeddable":true,"href":"https:\/\/www.fantechnics.pl\/index.php\/wp-json\/wp\/v2\/comments?post=1124"}],"version-history":[{"count":32,"href":"https:\/\/www.fantechnics.pl\/index.php\/wp-json\/wp\/v2\/pages\/1124\/revisions"}],"predecessor-version":[{"id":7370,"href":"https:\/\/www.fantechnics.pl\/index.php\/wp-json\/wp\/v2\/pages\/1124\/revisions\/7370"}],"wp:attachment":[{"href":"https:\/\/www.fantechnics.pl\/index.php\/wp-json\/wp\/v2\/media?parent=1124"}],"curies":[{"name":"wp","href":"https:\/\/api.w.org\/{rel}","templated":true}]}}